{"id":4461,"date":"2022-04-19T07:27:08","date_gmt":"2022-04-19T07:27:08","guid":{"rendered":"https:\/\/erotik-arbeit.ch\/wp\/?page_id=4461"},"modified":"2025-10-13T06:44:43","modified_gmt":"2025-10-13T06:44:43","slug":"home-1-2","status":"publish","type":"page","link":"https:\/\/erotik-arbeit.ch\/wp\/home-1-2\/","title":{"rendered":"Home-Ungarisch"},"content":{"rendered":"<\/div><!-- content --><\/div><\/div><div  class='custom_section custom_section_JBpLN  '  style='background-color:#360D46; color:#fff; ;  margin-top:-80px;  margin-bottom:0px;  padding-top:30px;  padding-bottom:30px; '><div class='section_container'><div class='inner'>\n<h1 style=\"font-size: 100px; line-height: 1; margin-bottom: -15px;\">EROTIKUS MUNKA<\/h1>\n<div style=\"font-weight: bold; font-size: 28px;\">Sziasztok \n<ul id='word_changer_fvUFm' style='display:none;' class='template_ul' data-in-effect='fadeInDown' data-out-effect='fadeOutDown'>\n<li>Erotik Arbeit<\/li>\n<\/ul>\n<script type='text\/javascript'><!--\/\/--><![CDATA[\/\/><!-- \r\n\t\tjQuery(document).ready(function()\r\n\t\t\t{\r\n\t\t\tjQuery('#word_changer_fvUFm').textillate(\r\n\t\t\t\t{\r\n\t\t\t\tloop:true, \r\n\t\t\t\tinitialDelay: 0,\r\n\t\t\t\tminDisplayTime: 1000, \r\n\t\t\t\tout: {sync: true, delay:0,  delayScale: .01,}, \r\n\t\t\t\tin: {sync:true, delay:0,  delayScale: .01,} \r\n\t\t\t\t}).css('display','inline');  \r\n\t\t\t});\r\n\t\t\tjQuery('#word_changer_fvUFm').on('start.tlt', function () {\r\n\t\t\t\t\/\/\tjQuery('span.spinner').delay('1000').fadeOut();\t\t\t\t \r\n\t\t\t\tjQuery('ul#word_changer_fvUFm li:first-child').remove(); \/\/.filter(function() {return jQuery(this).text()  == '';}).remove(); \r\n\t\t\t\t});\r\n\t\t\/\/--><!]]><\/script> <\/div>\n<\/div><\/div><!-- section_container--><\/div><div><div class='inner'><div class='maincontent'>\n<\/div><!-- content --><\/div><\/div><div  class='custom_section custom_section_RDsDh  '  style='background-color:#000000; color:#fff; ;  margin-bottom:0px; background-image:url(https:\/\/erotik-arbeit.ch\/wp\/wp-content\/uploads\/2018\/06\/home_bg_1.jpg); background-repeat:no-repeat; background-position-x:center; background-position-y:center; '><div class='section_container'><div class='inner'>\n<div class='sc_column one_third '  style=' ' >\n<h2 style=\"font-size: 66px;\">Munkalehet\u0151s\u00e9g N\u00e1lunk<\/h2>\n<p>Sziasztok! K\u00edv\u00e1l\u00f3 erotikus munk\u00e1t kin\u00e1lunk, gyors \u00e9s nagy kereseti lehet\u0151ss\u00e9gel. \u00c1land\u00f3an keres\u00fcnk \u00faj, vonz\u00f3, fiatal, v\u00e9kony l\u00e1nyokat 18 \u00e9ves k\u00f3rt\u00f3l, de \u00e9retebb \u00a0\u00e9s tabasztaltabb h\u00f6lgyek jelentkez\u00e9s\u00e9t is sz\u00edvesen fogadjuk.<\/p>\n<p>Mi egy csal\u00e1dias hangolat\u00fa v\u00e1llalkoz\u00e1s vagyunk sok f\u00e9r\u0151hellyel \u00e9s saj\u00e1t Escort szolg\u00e1ltat\u00e1ssal. N\u00e1lunk mindenki leg\u00e1lisan dolgozik \u00e9s be van jelentve a gazdas\u00e1gi-, a munka\u00fcgyi-, \u00e9s az ad\u00f3- hivatalban. Besz\u00e9l\u00fcnk magyarul, n\u00e9met\u00fcl, rom\u00e1nul, oroszul, angolul, \u00e9s olaszul.<\/p>\n<\/div>\n<div class='sc_column two_third last '  style=' ' >\n<div class='sl_carousel_gallery pos_relative'><div class='xframe cframe oneperpage megaframe pos_relative' id='carousel_HfNap'><ul class='template_ul masonry x-group-itemlist-1' style=''><li><a style='' class='lightbox prettyPhoto' href='https:\/\/erotik-arbeit.ch\/wp\/wp-content\/uploads\/2022\/05\/bus.jpg'><img src='https:\/\/erotik-arbeit.ch\/wp\/wp-content\/uploads\/2022\/05\/bus.jpg' alt='' \/><\/a><\/li><\/ul><div class='clear'><\/div><\/div>\n<script type='text\/javascript'>\njQuery(window).on( 'load' , function($)\r\n\t\t\t\t{\r\n\t\t\t\tvar imgw =  jQuery('#carousel_HfNap').parent().width() \/ 1;\r\n\t\t\t\tjQuery('#carousel_HfNap img').removeAttr('width').removeAttr('height');\r\n\t\t\t\tjQuery( '#carousel_HfNap li' ).width( imgw ).css('maxWidth',imgw);\r\n\r\n\t\t\t\tvar ulwidth = 1*imgw; \r\n\t\t\t\tjQuery( '#carousel_HfNap ul').width( ulwidth );\r\n\t\t\t\r\n\t\t\t\tvar imgh = jQuery('#carousel_HfNap img').height(); \r\n\t\t\t\tjQuery('#carousel_HfNap').height( imgh );\r\n\t\t\t\t\r\n \r\n\t\t\t\tvar frame = jQuery('#carousel_HfNap');\r\n\t\t\t\tvar wrap  = frame.parent(); \r\n\t\t\t\tframe.sly({\r\n\t\t\t\t\thorizontal: 1,\r\n\t\t\t\t\titemNav: 'basic',\r\n\t\t\t\t\tsmart: 1, \r\n\t\t\t\t\tactivateMiddle: 1,\r\n\t\t\t\t\tmouseDragging: 1,\r\n\t\t\t\t\ttouchDragging: 1,\r\n\t\t\t\t\treleaseSwing: 1,\r\n\t\t\t\t\tstartAt: 0,\r\n\t\t\t\t\tscrollBar: wrap.find('.scroll_HfNap'),\r\n\t\t\t\t\tscrollBy: 0,\r\n\t\t\t\t\tscrollSource:frame,\r\n\t\t\t\t\tpagesBar: wrap.find('.pages_HfNap'),\r\n\t\t\t\t\tactivatePageOn: 'click',\r\n\t\t\t\t\tspeed: 300,\r\n\t\t\t\t\telasticBounds: 1,\r\n\t\t\t\t\teasing: 'easeOutExpo',\r\n\t\t\t\t\tdragHandle: 1,\r\n\t\t\t\t\tdynamicHandle: 1,\r\n\t\t\t\t\tclickBar: 1, \r\n\t\t\t\t\tprev:jQuery('#sly_prev_HfNap'),\r\n\t\t\t\t\tnext: jQuery('#sly_next_HfNap'), \r\n\t\t\t\t\tspeed: 1000,\r\n\t\t\t\r\n\t\t\t\t\t});  \r\n\r\n\t\t\t\tfunction reorgli()\r\n\t\t\t\t\t{\r\n\t\t\t\t\tvar imgaw =  jQuery('#carousel_HfNap').parent().width() \/ 1;\r\n\t\t\t\t\tvar ulwidth = 1*imgaw;  \r\n\t\t\t\t\tjQuery( '#carousel_HfNap ul').width( ulwidth );\r\n\t\t\t\t\t}\r\n\t\t\t}); <\/script><\/div>\n<\/div><div class='clear'><\/div>\n<h3>Amit aj\u00e1nlunk Neked:<\/h3>\n<div class='sc_hr_container'><div style='height:2px; width:80px; ' class='hr_lines hr_line  hr_top_align_left '><\/div><div class='hr_line_simple  left'><\/div><\/div>\n<ul>\n<li>\n<h5>&gt; Kiv\u00e1l\u00f3 keresetett ak\u00e1r heti 3000 \u2013 6000 Frankig<\/h5>\n<\/li>\n<li>\n<h5>&gt; Az extr\u00e1k 100%-ban a tieid<\/h5>\n<\/li>\n<li>\n<h5>&gt; Heti kifizet\u00e9s k\u00e9szp\u00e9nzben<\/h5>\n<\/li>\n<li>\n<h5>&gt; Diszkr\u00e9ci\u00f3 \u00e9s szabad szerv\u00edz v\u00e1laszt\u00e1s<\/h5>\n<\/li>\n<li>\n<h5>&gt; A Studi\u00f3k t\u00f6bb \u00e9ve nyitva vannak<\/h5>\n<\/li>\n<li>\n<h5>&gt; Nagyok sok T\u00f6rzsvend\u00e9g \u00e9s \u00faj bet\u00e9r\u0151 Vend\u00e9g v\u00e1r r\u00e1d<\/h5>\n<\/li>\n<li>\n<h5>&gt; Kiv\u00e1l\u00f3 munkak\u00f6rnyezet<\/h5>\n<\/li>\n<li>\n<h5>&gt; Tiszta szob\u00e1k<\/h5>\n<\/li>\n<li>\n<h5>&gt; Biztos\u00edtjuk a munkaeszk\u00f6z\u00f6ket, az ingyenes WIFI-t \u00e9s a sz\u00e1ll\u00e1st<\/h5>\n<\/li>\n<li>\n<h5>&gt; Ingyenes fot\u00f3kat \u00e9s hirdet\u00e9si lehet\u0151s\u00e9get<\/h5>\n<\/li>\n<li>\n<h5>&gt; Kezd\u0151 l\u00e1nyokat is sz\u00edvesen v\u00e1runk<\/h5>\n<\/li>\n<li>\n<h5>&gt; Nem kell n\u00e9met\u00fcl besz\u00e9lned, mi seg\u00edt\u00fcnk mindenben<\/h5>\n<\/li>\n<li>\n<h5>&gt; Recepci\u00f3s mindig jelen van \u00e9s tartja a kapcsolatot a vend\u00e9gekkel<\/h5>\n<\/li>\n<li>\n<h5>&gt; Minden h\u00f6lgynek k\u00fcl\u00f6n telefonsz\u00e1ma \u00e9s arra sz\u00f3l\u00f3 hirdet\u00e9se van<\/h5>\n<\/li>\n<li>\n<h5>&gt; Vend\u00e9gek Sv\u00e1jcb\u00f3l \u00e9s a szomsz\u00e9dos orsz\u00e1gokb\u00f3l is vannak, N\u00e9metorsz\u00e1gb\u00f3l\/Ausztri\u00e1b\u00f3l<\/h5>\n<\/li>\n<li>\n<h5>&gt; Saj\u00e1t Escort szervizzel rendelkez\u00fcnk<\/h5>\n<\/li>\n<li>\n<h5>&gt; Cser\u00e9lhet\u0151 helyek, ha valami nem stimmel<\/h5>\n<\/li>\n<li>\n<h5>&gt; A buszk\u00f6lts\u00e9g megel\u0151legez\u00e9se a studi\u00f3ba \u00e9rkez\u00e9skor<br \/>\n<img loading=\"lazy\" decoding=\"async\" class=\"alignnone size-full wp-image-4427\" src=\"https:\/\/erotik-arbeit.ch\/wp\/wp-content\/uploads\/2022\/04\/leer.png\" alt=\"\" width=\"1\" height=\"80\" \/><\/h5>\n<\/li>\n<\/ul>\n<\/div><\/div><!-- section_container--><\/div><div><div class='inner'><div class='maincontent'>\n<\/div><!-- content --><\/div><\/div><div  class='custom_section custom_section_LgZcL  '  style='background-color:#2A0635; color:#fff; ;  margin-top:0px;  margin-bottom:0px; background-image:url(https:\/\/erotik-arbeit.ch\/wp\/wp-content\/uploads\/2022\/04\/home_bg_444.jpg); background-repeat:no-repeat; background-position-x:center; background-position-y:center; '><div class='section_container'><div class='inner'>\n<\/div><\/div><!-- section_container--><\/div><div><div class='inner'><div class='maincontent'>\n<\/div><!-- content --><\/div><\/div><div  class='custom_section custom_section_nqcDm  '  style='background-color:#000000; color:#fff; ;  margin-bottom:0px; background-image:url(https:\/\/erotik-arbeit.ch\/wp\/wp-content\/uploads\/2018\/06\/home_bg_2.jpg); background-repeat:no-repeat; background-position-x:left; background-position-y:top; '><div class='section_container'><div class='inner'>\n<p><strong>Ki tud n\u00e1lunk dolgozni:<\/strong><\/p>\n<ul>\n<li>&gt; Minden h\u00f6lgy, aki rendelkezik \u00e9rv\u00e9nyes EU-s szem\u00e9lyi igazolv\u00e1nnyal \u00e9s mi be tudjuk jelenteni<\/li>\n<li>&gt; Minden h\u00f6lgy, aki \u00e9rv\u00e9nyes sv\u00e1jci tartozkod\u00e1si enged\u00e9llyel rendelkezik, lehet az B, L, G vagy S<\/li>\n<li>&gt; Minden h\u00f6lgy, aki \u00e9rv\u00e9nyes sv\u00e1jci szem\u00e9lyi igazolv\u00e1nnyal rendelkezik<\/li>\n<li>&gt; H\u00f6lgyek 18 \u00e9ves kort\u00f3l<\/li>\n<li>&gt; Transznem\u0171ek 18 \u00e9ves kort\u00f3l<\/li>\n<li>&gt; Kezd\u0151k<\/li>\n<li>&gt; H\u00f6lgyek, akik nem besz\u00e9lnek n\u00e9met\u00fcl ( a recepci\u00f3s mindenben seg\u00edt)<\/li>\n<\/ul>\n<p><img loading=\"lazy\" decoding=\"async\" class=\"alignnone size-full wp-image-4427\" src=\"https:\/\/erotik-arbeit.ch\/wp\/wp-content\/uploads\/2022\/04\/leer.png\" alt=\"\" width=\"1\" height=\"80\" \/><\/p>\n<p><strong>Ki nem dolgozhat n\u00e1lunk:<\/strong><\/p>\n<ul>\n<li>&gt; H\u00f6lgyek, akik nem EU- tag\u00e1llamb\u00f3l j\u00f6nnek, \u0151ket nem tudjuk bejelenteni<\/li>\n<li>&gt; H\u00f6gyek, akik a p\u00e1rjukkal akarnak j\u00f6nni ( mi nem akarunk Dr\u00e1g\u00e1kat a h\u00e1zakban)<\/li>\n<li>&gt; H\u00f6lgyek, akik hercegn\u0151nek \u00e9rzik magukat, \u00e9s azt hiszik mindenkin\u00e9l jobbak<\/li>\n<li>&gt; H\u00f6lgyek, akik nem akarnak a szob\u00e1n osztozni, mivel egyszem\u00e9lyes szob\u00e1t nem tudunk biztos\u00edtani<\/li>\n<li>&gt; H\u00f6lgyek, akik \u00e1t akarj\u00e1k verni a vend\u00e9geket, nagyon nagy \u00e9s j\u00f3 t\u00f6rzsvend\u00e9gk\u00f6r\u00fcnk van, akikkel t\u00f6r\u0151d\u00fcnk is<\/li>\n<\/ul>\n<p><img loading=\"lazy\" decoding=\"async\" class=\"alignnone size-full wp-image-4427\" src=\"https:\/\/erotik-arbeit.ch\/wp\/wp-content\/uploads\/2022\/04\/leer.png\" alt=\"\" width=\"1\" height=\"80\" \/><\/p>\n<p><strong>Milyen k\u00f6lts\u00e9geid vannak a munkav\u00e1llal\u00e1shoz:<\/strong><\/p>\n<ul>\n<li>&gt; Regisztr\u00e1ci\u00f3s ad\u00f3 a hivatalos sv\u00e1jci munkav\u00e1llal\u00e1shoz, 25 sv\u00e1jci frank naponta ( Pauschale Quellensteuer)<\/li>\n<li>&gt; K\u00f6z\u00f6s helyis\u00e9gek takar\u00edt\u00e1s\u00e1\u00e9rt napi 5 frank<\/li>\n<li>&gt; Ha L tartozkod\u00e1si enged\u00e9lyre van sz\u00fcks\u00e9ged, az \u00f6nkorm\u00e1nyzatn\u00e1l az ig\u00e9nyl\u00e9s bead\u00e1sa kb. 80 frankba ker\u00fcl<\/li>\n<li>&gt; Rajtunk kereszt\u00fcl egy L tartozkod\u00e1si enged\u00e9ly ig\u00e9nyl\u00e9se 350 frank<\/li>\n<\/ul>\n<p><img loading=\"lazy\" decoding=\"async\" class=\"alignnone size-full wp-image-4427\" src=\"https:\/\/erotik-arbeit.ch\/wp\/wp-content\/uploads\/2022\/04\/leer.png\" alt=\"\" width=\"1\" height=\"80\" \/><\/p>\n<p><strong>Milyen k\u00f6lts\u00e9gek terhelnek minket:<\/strong><\/p>\n<ul>\n<li>&gt; Teljes hirdet\u00e9si k\u00f6lts\u00e9g, ami kb. 20-35 frank k\u00f6z\u00f6tt van naponta h\u00f6lgyenk\u00e9nt<\/li>\n<li>&gt; Internetd\u00edj ( Wifi)<\/li>\n<li>&gt; A recepci\u00f3sok k\u00f6lts\u00e9ge \u00e9s fizet\u00e9se<\/li>\n<li>&gt; Az \u00f6sszes k\u00f6lts\u00e9g, ami egy Studio fenntart\u00e1s\u00e1hoz kell<\/li>\n<\/ul>\n<p><img loading=\"lazy\" decoding=\"async\" class=\"alignnone size-full wp-image-4427\" src=\"https:\/\/erotik-arbeit.ch\/wp\/wp-content\/uploads\/2022\/04\/leer.png\" alt=\"\" width=\"1\" height=\"80\" \/><\/p>\n<p><strong>\u00c1ltal\u00e1nos alapszab\u00e1lyok:<\/strong><\/p>\n<ul>\n<li>&gt; Mi \u00e1lljuk a hirdet\u00e9seket, ez\u00e9rt mi d\u00f6ntj\u00fck el hol \u00e9s hogyan hirdet\u00fcnk. A mi d\u00f6nt\u00e9s\u00fcnk az is, ha a hozott fot\u00f3kat rossznak it\u00e9lj\u00fck meg, \u00e9s nem haszn\u00e1ljuk fel a hirdet\u00e9shez. Akkor mindenk\u00e9ppen \u00faj fot\u00f3kat kell k\u00e9sz\u00edteni a h\u00f6lgyekr\u0151l. Egy j\u00f3 hirdet\u00e9shez legal\u00e1bb 4 fot\u00f3 kell.<\/li>\n<li>&gt; Van nyitvatart\u00e1si id\u0151nk, amit be kell tartani. \u00c9s munkaid\u0151ben nem t\u00fcrj\u00fck az alkohol fogyaszt\u00e1st. Ha megszeged \u00e9s \u00e9szre vessz\u00fck, azonnali kirug\u00e1sra sz\u00e1mithatsz.<\/li>\n<li>&gt; Nem sz\u00edvesen adunk levon\u00e1st, de sajnos n\u00e9ha ez az egyetlen m\u00f3dja annak, hogy figyelmeztess\u00fcnk egy s\u00falyos hiba miatt. De el\u00f6tte mindig megbesz\u00e9lj\u00fck az illet\u00e9kes h\u00f6lgyel az okot, miel\u00f6tt ez bek\u00f6vetkezik.<\/li>\n<li>&gt; Hetente egyszer van elsz\u00e1mol\u00e1s, \u00e9s nem naponta. Ha egy h\u00f6lgy hirtelen el akar menni, an\u00e9lk\u00fcl, hogy minket \u00e9rtes\u00edtett volna, neki kell hozz\u00e1nk igazodnia \u00e9s nem nek\u00fcnk \u0151hozz\u00e1. Mindk\u00e9t f\u00e9lnek vannak k\u00f6telezets\u00e9gei, \u00e9s a munkajognak is meg kell feleln\u00fcnk.<br \/>\n<img loading=\"lazy\" decoding=\"async\" class=\"alignnone size-full wp-image-4427\" src=\"https:\/\/erotik-arbeit.ch\/wp\/wp-content\/uploads\/2022\/04\/leer.png\" alt=\"\" width=\"1\" height=\"80\" \/><\/li>\n<\/ul>\n<\/div><\/div><!-- section_container--><\/div><div><div class='inner'><div class='maincontent'>\n<\/div><!-- content --><\/div><\/div><div  class='custom_section custom_section_pTVTB  '  style='background-color:; color:; ;  margin-bottom:0px; background-image:url(https:\/\/erotik-arbeit.ch\/wp\/wp-content\/uploads\/2022\/04\/home_bg_333.jpg); background-repeat:no-repeat; background-position-x:center; background-position-y:center; '><div class='section_container'><div class='inner'>\n<h2 style=\"text-align: center;\"><\/h2>\n<p style=\"text-align: center;\"><img loading=\"lazy\" decoding=\"async\" class=\"alignnone size-full wp-image-4427\" src=\"https:\/\/erotik-arbeit.ch\/wp\/wp-content\/uploads\/2022\/04\/leer.png\" alt=\"\" width=\"1\" height=\"80\" \/><\/p>\n<p><img loading=\"lazy\" decoding=\"async\" class=\"alignnone size-full wp-image-4427\" src=\"https:\/\/erotik-arbeit.ch\/wp\/wp-content\/uploads\/2022\/04\/leer.png\" alt=\"\" width=\"1\" height=\"80\" \/><\/p>\n<\/div><\/div><!-- section_container--><\/div><div><div class='inner'><div class='maincontent'>\n<\/div><!-- content --><\/div><\/div><div  class='custom_section custom_section_MqTpB  '  style='background-color:#000; color:#fff; ;  margin-bottom:-42px;  padding-top:0px;  padding-bottom:0px; '><div class='section_container'>\n<div class='sc_seamless_column column_one_third '  style='color: #FFFFFF;background-color: #000; ' >\n<div  style='background:#F9B584;' class='image_box  image_box_invert '>\t\t\t\r\n\t\t\t<a href='mailto:info@erotik-arbeit.ch'>\r\n\t\t\t\t<span><i class='h3'><\/i><em><\/em><\/span>\r\n\t\t\t\t<img src='https:\/\/erotik-arbeit.ch\/wp\/wp-content\/uploads\/2016\/04\/portfolio_079-1200x740.jpg' alt='' \/>\r\n\t\t\t<\/a>\r\n\t\t<\/div>\n<\/div>\n<div class='sc_seamless_column column_one_third '  style='color: #FFFFFF;background-color: #000; ' >\n<div  style='background:#D9B08C;' class='image_box  image_box_invert '>\t\t\t\r\n\t\t\t<a href='mailto:info@erotik-arbeit.ch'>\r\n\t\t\t\t<span><i class='h3'><\/i><em><\/em><\/span>\r\n\t\t\t\t<img src='https:\/\/erotik-arbeit.ch\/wp\/wp-content\/uploads\/2016\/04\/portfolio_028-1200x740.jpg' alt='' \/>\r\n\t\t\t<\/a>\r\n\t\t<\/div>\n<\/div>\n<div class='sc_seamless_column column_one_third '  style='color: #FFFFFF;background-color: #000; ' >\n<div  style='background:#E19E78;color:#fff;' class='image_box  image_box_invert '>\t\t\t\r\n\t\t\t<a href='mailto:info@erotik-arbeit.ch'>\r\n\t\t\t\t<span><i class='h3'><\/i><em><\/em><\/span>\r\n\t\t\t\t<img src='https:\/\/erotik-arbeit.ch\/wp\/wp-content\/uploads\/2016\/04\/portfolio_033-1200x740.jpg' alt='' \/>\r\n\t\t\t<\/a>\r\n\t\t<\/div>\n<\/div>\n<div class='clear'><\/div>\n<\/div><!-- section_container--><\/div><div><div><div>\n","protected":false},"excerpt":{"rendered":"","protected":false},"author":1,"featured_media":0,"parent":0,"menu_order":1,"comment_status":"closed","ping_status":"closed","template":"","meta":{"footnotes":""},"class_list":["post-4461","page","type-page","status-publish","hentry"],"_links":{"self":[{"href":"https:\/\/erotik-arbeit.ch\/wp\/wp-json\/wp\/v2\/pages\/4461","targetHints":{"allow":["GET"]}}],"collection":[{"href":"https:\/\/erotik-arbeit.ch\/wp\/wp-json\/wp\/v2\/pages"}],"about":[{"href":"https:\/\/erotik-arbeit.ch\/wp\/wp-json\/wp\/v2\/types\/page"}],"author":[{"embeddable":true,"href":"https:\/\/erotik-arbeit.ch\/wp\/wp-json\/wp\/v2\/users\/1"}],"replies":[{"embeddable":true,"href":"https:\/\/erotik-arbeit.ch\/wp\/wp-json\/wp\/v2\/comments?post=4461"}],"version-history":[{"count":25,"href":"https:\/\/erotik-arbeit.ch\/wp\/wp-json\/wp\/v2\/pages\/4461\/revisions"}],"predecessor-version":[{"id":4689,"href":"https:\/\/erotik-arbeit.ch\/wp\/wp-json\/wp\/v2\/pages\/4461\/revisions\/4689"}],"wp:attachment":[{"href":"https:\/\/erotik-arbeit.ch\/wp\/wp-json\/wp\/v2\/media?parent=4461"}],"curies":[{"name":"wp","href":"https:\/\/api.w.org\/{rel}","templated":true}]}}